{"id":5303,"date":"2023-03-14T14:48:49","date_gmt":"2023-03-14T12:48:49","guid":{"rendered":"https:\/\/rukanpressa.fi\/etusivu\/"},"modified":"2025-02-27T09:17:37","modified_gmt":"2025-02-27T07:17:37","slug":"etusivu","status":"publish","type":"page","link":"https:\/\/rukanpressa.fi\/en\/","title":{"rendered":"Home"},"content":{"rendered":"","protected":false},"excerpt":{"rendered":"","protected":false},"author":1,"featured_media":5296,"parent":0,"menu_order":0,"comment_status":"closed","ping_status":"closed","template":"","meta":{"_acf_changed":false,"footnotes":""},"class_list":["post-5303","page","type-page","status-publish","has-post-thumbnail","hentry"],"acf":[],"yoast_head":"<!-- This site is optimized with the Yoast SEO plugin v24.5 - https:\/\/yoast.com\/wordpress\/plugins\/seo\/ -->\n<title>Stay modernly in the heart of Ruka - RukanPressa<\/title>\n<meta name=\"description\" content=\"RukanPressa offers the perfect accommodation experience in Finland&#039;s best ski resort in Ruka. Check it out and make an online reservation!\" \/>\n<meta name=\"robots\" content=\"index, follow, max-snippet:-1, max-image-preview:large, max-video-preview:-1\" \/>\n<link rel=\"canonical\" href=\"https:\/\/rukanpressa.fi\/en\/\" \/>\n<meta property=\"og:locale\" content=\"en_US\" \/>\n<meta property=\"og:type\" content=\"article\" \/>\n<meta property=\"og:title\" content=\"Stay modernly in the heart of Ruka\" \/>\n<meta property=\"og:description\" content=\"RukanPressa offers the perfect accommodation experience in Finland&#039;s best ski resort in Ruka. Check it out and make an online reservation!\" \/>\n<meta property=\"og:url\" content=\"https:\/\/rukanpressa.fi\/en\/\" \/>\n<meta property=\"og:site_name\" content=\"RukanPressa\" \/>\n<meta property=\"article:modified_time\" content=\"2025-02-27T07:17:37+00:00\" \/>\n<meta property=\"og:image\" content=\"https:\/\/rukanpressa.fi\/wp-content\/uploads\/2023\/03\/facebook-sharing-image.png\" \/>\n\t<meta property=\"og:image:width\" content=\"1200\" \/>\n\t<meta property=\"og:image:height\" content=\"675\" \/>\n\t<meta property=\"og:image:type\" content=\"image\/png\" \/>\n<meta name=\"twitter:card\" content=\"summary_large_image\" \/>\n<meta name=\"twitter:title\" content=\"Stay modernly in the heart of Ruka\" \/>\n<meta name=\"twitter:description\" content=\"RukanPressa offers the perfect accommodation experience in Finland&#039;s best ski resort in Ruka. Check it out and make an online reservation!\" \/>\n<meta name=\"twitter:image\" content=\"https:\/\/rukanpressa.fi\/wp-content\/uploads\/2023\/03\/facebook-sharing-image.png\" \/>\n<script type=\"application\/ld+json\" class=\"yoast-schema-graph\">{\"@context\":\"https:\/\/schema.org\",\"@graph\":[{\"@type\":\"WebPage\",\"@id\":\"https:\/\/rukanpressa.fi\/en\/\",\"url\":\"https:\/\/rukanpressa.fi\/en\/\",\"name\":\"Stay modernly in the heart of Ruka - RukanPressa\",\"isPartOf\":{\"@id\":\"https:\/\/rukanpressa.fi\/#website\"},\"primaryImageOfPage\":{\"@id\":\"https:\/\/rukanpressa.fi\/en\/#primaryimage\"},\"image\":{\"@id\":\"https:\/\/rukanpressa.fi\/en\/#primaryimage\"},\"thumbnailUrl\":\"https:\/\/rukanpressa.fi\/wp-content\/uploads\/2023\/03\/organization-logo.png\",\"datePublished\":\"2023-03-14T12:48:49+00:00\",\"dateModified\":\"2025-02-27T07:17:37+00:00\",\"description\":\"RukanPressa offers the perfect accommodation experience in Finland's best ski resort in Ruka. Check it out and make an online reservation!\",\"breadcrumb\":{\"@id\":\"https:\/\/rukanpressa.fi\/en\/#breadcrumb\"},\"inLanguage\":\"en-US\",\"potentialAction\":[{\"@type\":\"ReadAction\",\"target\":[\"https:\/\/rukanpressa.fi\/en\/\"]}]},{\"@type\":\"ImageObject\",\"inLanguage\":\"en-US\",\"@id\":\"https:\/\/rukanpressa.fi\/en\/#primaryimage\",\"url\":\"https:\/\/rukanpressa.fi\/wp-content\/uploads\/2023\/03\/organization-logo.png\",\"contentUrl\":\"https:\/\/rukanpressa.fi\/wp-content\/uploads\/2023\/03\/organization-logo.png\",\"width\":696,\"height\":696},{\"@type\":\"BreadcrumbList\",\"@id\":\"https:\/\/rukanpressa.fi\/en\/#breadcrumb\",\"itemListElement\":[{\"@type\":\"ListItem\",\"position\":1,\"name\":\"Etusivu\",\"item\":\"https:\/\/rukanpressa.fi\/en\/\"},{\"@type\":\"ListItem\",\"position\":2,\"name\":\"Home\"}]},{\"@type\":\"WebSite\",\"@id\":\"https:\/\/rukanpressa.fi\/#website\",\"url\":\"https:\/\/rukanpressa.fi\/\",\"name\":\"Kiinteist\u00f6 Oy Rukan Pressa\",\"description\":\"Majoitu nykyaikaisesti Rukan syd\u00e4mess\u00e4\",\"publisher\":{\"@id\":\"https:\/\/rukanpressa.fi\/#organization\"},\"alternateName\":\"Rukanpressa\",\"potentialAction\":[{\"@type\":\"SearchAction\",\"target\":{\"@type\":\"EntryPoint\",\"urlTemplate\":\"https:\/\/rukanpressa.fi\/?s={search_term_string}\"},\"query-input\":{\"@type\":\"PropertyValueSpecification\",\"valueRequired\":true,\"valueName\":\"search_term_string\"}}],\"inLanguage\":\"en-US\"},{\"@type\":\"Organization\",\"@id\":\"https:\/\/rukanpressa.fi\/#organization\",\"name\":\"Kiinteist\u00f6 Oy Rukan Pressa\",\"alternateName\":\"Rukanpressa\",\"url\":\"https:\/\/rukanpressa.fi\/\",\"logo\":{\"@type\":\"ImageObject\",\"inLanguage\":\"en-US\",\"@id\":\"https:\/\/rukanpressa.fi\/#\/schema\/logo\/image\/\",\"url\":\"https:\/\/rukanpressa.fi\/wp-content\/uploads\/2023\/03\/organization-logo.png\",\"contentUrl\":\"https:\/\/rukanpressa.fi\/wp-content\/uploads\/2023\/03\/organization-logo.png\",\"width\":696,\"height\":696,\"caption\":\"Kiinteist\u00f6 Oy Rukan Pressa\"},\"image\":{\"@id\":\"https:\/\/rukanpressa.fi\/#\/schema\/logo\/image\/\"}}]}<\/script>\n<!-- \/ Yoast SEO plugin. -->","yoast_head_json":{"title":"Stay modernly in the heart of Ruka - RukanPressa","description":"RukanPressa offers the perfect accommodation experience in Finland's best ski resort in Ruka. Check it out and make an online reservation!","robots":{"index":"index","follow":"follow","max-snippet":"max-snippet:-1","max-image-preview":"max-image-preview:large","max-video-preview":"max-video-preview:-1"},"canonical":"https:\/\/rukanpressa.fi\/en\/","og_locale":"en_US","og_type":"article","og_title":"Stay modernly in the heart of Ruka","og_description":"RukanPressa offers the perfect accommodation experience in Finland's best ski resort in Ruka. Check it out and make an online reservation!","og_url":"https:\/\/rukanpressa.fi\/en\/","og_site_name":"RukanPressa","article_modified_time":"2025-02-27T07:17:37+00:00","og_image":[{"width":1200,"height":675,"url":"https:\/\/rukanpressa.fi\/wp-content\/uploads\/2023\/03\/facebook-sharing-image.png","type":"image\/png"}],"twitter_card":"summary_large_image","twitter_title":"Stay modernly in the heart of Ruka","twitter_description":"RukanPressa offers the perfect accommodation experience in Finland's best ski resort in Ruka. Check it out and make an online reservation!","twitter_image":"https:\/\/rukanpressa.fi\/wp-content\/uploads\/2023\/03\/facebook-sharing-image.png","schema":{"@context":"https:\/\/schema.org","@graph":[{"@type":"WebPage","@id":"https:\/\/rukanpressa.fi\/en\/","url":"https:\/\/rukanpressa.fi\/en\/","name":"Stay modernly in the heart of Ruka - RukanPressa","isPartOf":{"@id":"https:\/\/rukanpressa.fi\/#website"},"primaryImageOfPage":{"@id":"https:\/\/rukanpressa.fi\/en\/#primaryimage"},"image":{"@id":"https:\/\/rukanpressa.fi\/en\/#primaryimage"},"thumbnailUrl":"https:\/\/rukanpressa.fi\/wp-content\/uploads\/2023\/03\/organization-logo.png","datePublished":"2023-03-14T12:48:49+00:00","dateModified":"2025-02-27T07:17:37+00:00","description":"RukanPressa offers the perfect accommodation experience in Finland's best ski resort in Ruka. Check it out and make an online reservation!","breadcrumb":{"@id":"https:\/\/rukanpressa.fi\/en\/#breadcrumb"},"inLanguage":"en-US","potentialAction":[{"@type":"ReadAction","target":["https:\/\/rukanpressa.fi\/en\/"]}]},{"@type":"ImageObject","inLanguage":"en-US","@id":"https:\/\/rukanpressa.fi\/en\/#primaryimage","url":"https:\/\/rukanpressa.fi\/wp-content\/uploads\/2023\/03\/organization-logo.png","contentUrl":"https:\/\/rukanpressa.fi\/wp-content\/uploads\/2023\/03\/organization-logo.png","width":696,"height":696},{"@type":"BreadcrumbList","@id":"https:\/\/rukanpressa.fi\/en\/#breadcrumb","itemListElement":[{"@type":"ListItem","position":1,"name":"Etusivu","item":"https:\/\/rukanpressa.fi\/en\/"},{"@type":"ListItem","position":2,"name":"Home"}]},{"@type":"WebSite","@id":"https:\/\/rukanpressa.fi\/#website","url":"https:\/\/rukanpressa.fi\/","name":"Kiinteist\u00f6 Oy Rukan Pressa","description":"Majoitu nykyaikaisesti Rukan syd\u00e4mess\u00e4","publisher":{"@id":"https:\/\/rukanpressa.fi\/#organization"},"alternateName":"Rukanpressa","potentialAction":[{"@type":"SearchAction","target":{"@type":"EntryPoint","urlTemplate":"https:\/\/rukanpressa.fi\/?s={search_term_string}"},"query-input":{"@type":"PropertyValueSpecification","valueRequired":true,"valueName":"search_term_string"}}],"inLanguage":"en-US"},{"@type":"Organization","@id":"https:\/\/rukanpressa.fi\/#organization","name":"Kiinteist\u00f6 Oy Rukan Pressa","alternateName":"Rukanpressa","url":"https:\/\/rukanpressa.fi\/","logo":{"@type":"ImageObject","inLanguage":"en-US","@id":"https:\/\/rukanpressa.fi\/#\/schema\/logo\/image\/","url":"https:\/\/rukanpressa.fi\/wp-content\/uploads\/2023\/03\/organization-logo.png","contentUrl":"https:\/\/rukanpressa.fi\/wp-content\/uploads\/2023\/03\/organization-logo.png","width":696,"height":696,"caption":"Kiinteist\u00f6 Oy Rukan Pressa"},"image":{"@id":"https:\/\/rukanpressa.fi\/#\/schema\/logo\/image\/"}}]}},"_links":{"self":[{"href":"https:\/\/rukanpressa.fi\/en\/wp-json\/wp\/v2\/pages\/5303","targetHints":{"allow":["GET"]}}],"collection":[{"href":"https:\/\/rukanpressa.fi\/en\/wp-json\/wp\/v2\/pages"}],"about":[{"href":"https:\/\/rukanpressa.fi\/en\/wp-json\/wp\/v2\/types\/page"}],"author":[{"embeddable":true,"href":"https:\/\/rukanpressa.fi\/en\/wp-json\/wp\/v2\/users\/1"}],"replies":[{"embeddable":true,"href":"https:\/\/rukanpressa.fi\/en\/wp-json\/wp\/v2\/comments?post=5303"}],"version-history":[{"count":1,"href":"https:\/\/rukanpressa.fi\/en\/wp-json\/wp\/v2\/pages\/5303\/revisions"}],"predecessor-version":[{"id":6263,"href":"https:\/\/rukanpressa.fi\/en\/wp-json\/wp\/v2\/pages\/5303\/revisions\/6263"}],"wp:featuredmedia":[{"embeddable":true,"href":"https:\/\/rukanpressa.fi\/en\/wp-json\/wp\/v2\/media\/5296"}],"wp:attachment":[{"href":"https:\/\/rukanpressa.fi\/en\/wp-json\/wp\/v2\/media?parent=5303"}],"curies":[{"name":"wp","href":"https:\/\/api.w.org\/{rel}","templated":true}]}}